{"id":810,"date":"2025-06-22T18:56:17","date_gmt":"2025-06-22T16:56:17","guid":{"rendered":"https:\/\/pes-agilis.com\/?page_id=810"},"modified":"2026-01-11T13:28:07","modified_gmt":"2026-01-11T12:28:07","slug":"ulosci-gotovi","status":"publish","type":"page","link":"https:\/\/pes-agilis.com\/en\/ulosci-gotovi\/","title":{"rendered":"Ulo\u0161ci gotovi"},"content":{"rendered":"<div data-elementor-type=\"wp-page\" data-elementor-id=\"810\" class=\"elementor elementor-810\">\n\t\t\t\t<div class=\"elementor-element elementor-element-dc3447d e-con-full e-flex e-con e-child\" data-id=\"dc3447d\" data-element_type=\"container\" data-settings=\"{&quot;background_background&quot;:&quot;classic&quot;}\">\n\t\t<div class=\"elementor-element elementor-element-60cf2bf e-con-full e-grid e-con e-child\" data-id=\"60cf2bf\" data-element_type=\"container\" data-settings=\"{&quot;background_background&quot;:&quot;classic&quot;}\">\n\t\t<div class=\"elementor-element elementor-element-58769b0 e-con-full e-flex e-con e-child\" data-id=\"58769b0\" data-element_type=\"container\" data-settings=\"{&quot;background_background&quot;:&quot;classic&quot;}\">\n\t\t\t\t<div class=\"elementor-element elementor-element-8ac0895 elementor-widget elementor-widget-heading\" data-id=\"8ac0895\" data-element_type=\"widget\" data-widget_type=\"heading.default\">\n\t\t\t\t<div class=\"elementor-widget-container\">\n\t\t\t\t\t<h3 class=\"elementor-heading-title elementor-size-default\">About Orthofuss<\/h3>\t\t\t\t<\/div>\n\t\t\t\t<\/div>\n\t\t\t\t<div class=\"elementor-element elementor-element-1d81d94 elementor-widget elementor-widget-heading\" data-id=\"1d81d94\" data-element_type=\"widget\" data-widget_type=\"heading.default\">\n\t\t\t\t<div class=\"elementor-widget-container\">\n\t\t\t\t\t<h1 class=\"elementor-heading-title elementor-size-default\">Orthopaedic Surgeon | Andreas Grinschgl<\/h1>\t\t\t\t<\/div>\n\t\t\t\t<\/div>\n\t\t\t\t<div class=\"elementor-element elementor-element-0802096 elementor-widget elementor-widget-text-editor\" data-id=\"0802096\" data-element_type=\"widget\" data-widget_type=\"text-editor.default\">\n\t\t\t\t<div class=\"elementor-widget-container\">\n\t\t\t\t\t\t\t\t\t<p data-start=\"143\" data-end=\"325\">Your health is our top priority. That\u2019s why we have expanded our range to offer only high-quality products suitable for a wide variety of needs and life situations.<\/p><p data-start=\"327\" data-end=\"790\">Every person is unique \u2014 just like their body. That\u2019s why, as the Orthofuss team, it is important for us to adapt to the individual needs of each patient and always put their health first. Our goal is to improve your quality of life. Alongside supports for the back, joints and knees, as well as many other everyday products, you will also find medical devices and aids, crutches with accessories, compression socks, and much more.<\/p><p data-start=\"792\" data-end=\"1121\">To help you move comfortably and without pain, we manufacture custom-made insoles, custom-made orthopaedic footwear, and foot-health footwear that is perfectly tailored to your feet in our workshop. We make sure all our products are simple and practical to use, so you can put them on quickly and easily by yourself.<\/p><p data-start=\"1123\" data-end=\"1296\">We work as contracted partners with all health insurance providers\u2026<br data-start=\"1194\" data-end=\"1197\" \/>Take advantage of personalised advice from our qualified staff and products tailored to your needs.<\/p>\t\t\t\t\t\t\t\t<\/div>\n\t\t\t\t<\/div>\n\t\t\t\t<\/div>\n\t\t<div class=\"elementor-element elementor-element-a491a26 e-con-full e-flex e-con e-child\" data-id=\"a491a26\" data-element_type=\"container\" data-settings=\"{&quot;background_background&quot;:&quot;classic&quot;}\">\n\t\t\t\t<\/div>\n\t\t\t\t<\/div>\n\t\t<div class=\"elementor-element elementor-element-c660114 e-con-full e-grid e-con e-child\" data-id=\"c660114\" data-element_type=\"container\" data-settings=\"{&quot;background_background&quot;:&quot;classic&quot;}\">\n\t\t<div class=\"elementor-element elementor-element-f45fc9f e-con-full e-flex e-con e-child\" data-id=\"f45fc9f\" data-element_type=\"container\" data-settings=\"{&quot;background_background&quot;:&quot;classic&quot;}\">\n\t\t<div class=\"elementor-element elementor-element-b171f4b e-con-full e-flex e-con e-child\" data-id=\"b171f4b\" data-element_type=\"container\" data-settings=\"{&quot;background_background&quot;:&quot;classic&quot;}\">\n\t\t\t\t<div class=\"elementor-element elementor-element-9355afa elementor-widget elementor-widget-image\" data-id=\"9355afa\" data-element_type=\"widget\" data-widget_type=\"image.default\">\n\t\t\t\t<div class=\"elementor-widget-container\">\n\t\t\t\t\t\t\t\t\t\t\t\t\t\t\t\t<a href=\"https:\/\/pes-agilis.com\/en\/product\/sneaker\/\">\n\t\t\t\t\t\t\t<img decoding=\"async\" src=\"https:\/\/pes-agilis.com\/wp-content\/uploads\/elementor\/thumbs\/sneaker-scaled-r7oxtomme7d8ck6w04m6ne7tak6wnm7h2gpjrxauom.jpg\" title=\"sneaker\" alt=\"sneaker\" loading=\"lazy\" \/>\t\t\t\t\t\t\t\t<\/a>\n\t\t\t\t\t\t\t\t\t\t\t\t\t\t\t<\/div>\n\t\t\t\t<\/div>\n\t\t\t\t<\/div>\n\t\t<div class=\"elementor-element elementor-element-7974b4b e-con-full e-flex e-con e-child\" data-id=\"7974b4b\" data-element_type=\"container\">\n\t\t\t\t<div class=\"elementor-element elementor-element-5ef2736 elementor-widget__width-inherit elementor-widget elementor-widget-heading\" data-id=\"5ef2736\" data-element_type=\"widget\" data-widget_type=\"heading.default\">\n\t\t\t\t<div class=\"elementor-widget-container\">\n\t\t\t\t\t<h2 class=\"elementor-heading-title elementor-size-default\"><a href=\"https:\/\/pes-agilis.com\/en\/product\/sneaker\/\">SNEAKER<\/a><\/h2>\t\t\t\t<\/div>\n\t\t\t\t<\/div>\n\t\t\t\t<\/div>\n\t\t\t\t<\/div>\n\t\t<div class=\"elementor-element elementor-element-9b22fb7 e-con-full e-flex e-con e-child\" data-id=\"9b22fb7\" data-element_type=\"container\" data-settings=\"{&quot;background_background&quot;:&quot;classic&quot;}\">\n\t\t<div class=\"elementor-element elementor-element-d0daf02 e-con-full e-flex e-con e-child\" data-id=\"d0daf02\" data-element_type=\"container\" data-settings=\"{&quot;background_background&quot;:&quot;classic&quot;}\">\n\t\t\t\t<div class=\"elementor-element elementor-element-a83ba3c elementor-widget elementor-widget-image\" data-id=\"a83ba3c\" data-element_type=\"widget\" data-widget_type=\"image.default\">\n\t\t\t\t<div class=\"elementor-widget-container\">\n\t\t\t\t\t\t\t\t\t\t\t\t\t\t\t\t<a href=\"https:\/\/pes-agilis.com\/en\/product\/business\/\">\n\t\t\t\t\t\t\t<img fetchpriority=\"high\" decoding=\"async\" width=\"1707\" height=\"2560\" src=\"https:\/\/pes-agilis.com\/wp-content\/uploads\/2025\/06\/business-scaled.jpg\" class=\"attachment-full size-full wp-image-815\" alt=\"\" srcset=\"https:\/\/pes-agilis.com\/wp-content\/uploads\/2025\/06\/business-scaled.jpg 1707w, https:\/\/pes-agilis.com\/wp-content\/uploads\/2025\/06\/business-683x1024.jpg 683w, https:\/\/pes-agilis.com\/wp-content\/uploads\/2025\/06\/business-768x1152.jpg 768w, https:\/\/pes-agilis.com\/wp-content\/uploads\/2025\/06\/business-1024x1536.jpg 1024w, https:\/\/pes-agilis.com\/wp-content\/uploads\/2025\/06\/business-1365x2048.jpg 1365w, https:\/\/pes-agilis.com\/wp-content\/uploads\/2025\/06\/business-8x12.jpg 8w, https:\/\/pes-agilis.com\/wp-content\/uploads\/2025\/06\/business-600x900.jpg 600w\" sizes=\"(max-width: 1707px) 100vw, 1707px\" \/>\t\t\t\t\t\t\t\t<\/a>\n\t\t\t\t\t\t\t\t\t\t\t\t\t\t\t<\/div>\n\t\t\t\t<\/div>\n\t\t\t\t<\/div>\n\t\t<div class=\"elementor-element elementor-element-ae1121a e-con-full e-flex e-con e-child\" data-id=\"ae1121a\" data-element_type=\"container\">\n\t\t\t\t<div class=\"elementor-element elementor-element-81d1b30 elementor-widget__width-inherit elementor-widget elementor-widget-heading\" data-id=\"81d1b30\" data-element_type=\"widget\" data-widget_type=\"heading.default\">\n\t\t\t\t<div class=\"elementor-widget-container\">\n\t\t\t\t\t<h2 class=\"elementor-heading-title elementor-size-default\"><a href=\"https:\/\/pes-agilis.com\/en\/product\/business\/\">BUSSINES<\/a><\/h2>\t\t\t\t<\/div>\n\t\t\t\t<\/div>\n\t\t\t\t<\/div>\n\t\t\t\t<\/div>\n\t\t<div class=\"elementor-element elementor-element-cae497c e-con-full e-flex e-con e-child\" data-id=\"cae497c\" data-element_type=\"container\" data-settings=\"{&quot;background_background&quot;:&quot;classic&quot;}\">\n\t\t<div class=\"elementor-element elementor-element-4836a80 e-con-full e-flex e-con e-child\" data-id=\"4836a80\" data-element_type=\"container\" data-settings=\"{&quot;background_background&quot;:&quot;classic&quot;}\">\n\t\t\t\t<div class=\"elementor-element elementor-element-57487da elementor-widget elementor-widget-image\" data-id=\"57487da\" data-element_type=\"widget\" data-widget_type=\"image.default\">\n\t\t\t\t<div class=\"elementor-widget-container\">\n\t\t\t\t\t\t\t\t\t\t\t\t\t\t\t\t<a href=\"https:\/\/pes-agilis.com\/en\/product\/catwalk\/\">\n\t\t\t\t\t\t\t<img decoding=\"async\" width=\"1707\" height=\"2560\" src=\"https:\/\/pes-agilis.com\/wp-content\/uploads\/2025\/06\/catwalk-scaled.jpg\" class=\"attachment-full size-full wp-image-818\" alt=\"\" srcset=\"https:\/\/pes-agilis.com\/wp-content\/uploads\/2025\/06\/catwalk-scaled.jpg 1707w, https:\/\/pes-agilis.com\/wp-content\/uploads\/2025\/06\/catwalk-683x1024.jpg 683w, https:\/\/pes-agilis.com\/wp-content\/uploads\/2025\/06\/catwalk-768x1152.jpg 768w, https:\/\/pes-agilis.com\/wp-content\/uploads\/2025\/06\/catwalk-1024x1536.jpg 1024w, https:\/\/pes-agilis.com\/wp-content\/uploads\/2025\/06\/catwalk-1365x2048.jpg 1365w, https:\/\/pes-agilis.com\/wp-content\/uploads\/2025\/06\/catwalk-8x12.jpg 8w, https:\/\/pes-agilis.com\/wp-content\/uploads\/2025\/06\/catwalk-600x900.jpg 600w\" sizes=\"(max-width: 1707px) 100vw, 1707px\" \/>\t\t\t\t\t\t\t\t<\/a>\n\t\t\t\t\t\t\t\t\t\t\t\t\t\t\t<\/div>\n\t\t\t\t<\/div>\n\t\t\t\t<\/div>\n\t\t<div class=\"elementor-element elementor-element-0c663e2 e-con-full e-flex e-con e-child\" data-id=\"0c663e2\" data-element_type=\"container\">\n\t\t\t\t<div class=\"elementor-element elementor-element-0e4b48a elementor-widget__width-inherit elementor-widget elementor-widget-heading\" data-id=\"0e4b48a\" data-element_type=\"widget\" data-widget_type=\"heading.default\">\n\t\t\t\t<div class=\"elementor-widget-container\">\n\t\t\t\t\t<h2 class=\"elementor-heading-title elementor-size-default\"><a href=\"https:\/\/pes-agilis.com\/en\/product\/catwalk\/\">CATWALK<\/a><\/h2>\t\t\t\t<\/div>\n\t\t\t\t<\/div>\n\t\t\t\t<\/div>\n\t\t\t\t<\/div>\n\t\t\t\t<\/div>\n\t\t\t\t<\/div>\n\t\t\t\t<\/div>","protected":false},"excerpt":{"rendered":"<p>O Orthofussu Ortopedski kirurg | Andreas Grinschgl Va\u0161e zdravlje je na\u0161 prioritet. Zato smo pro\u0161irili na\u0161 asortiman kako bismo ponudili isklju\u010divo visokokvalitetne proizvode prikladne za \u0161irok raspon namjena i \u017eivotnih situacija. Svaka je osoba jedinstvena \u2014 ba\u0161 kao i njezino tijelo. Zato nam je, kao Orthofuss timu, va\u017eno prilagoditi se individualnim potrebama svakog pacijenta i [&hellip;]<\/p>\n","protected":false},"author":1,"featured_media":0,"parent":0,"menu_order":0,"comment_status":"closed","ping_status":"closed","template":"elementor_header_footer","meta":{"om_disable_all_campaigns":false,"_monsterinsights_skip_tracking":false,"_monsterinsights_sitenote_active":false,"_monsterinsights_sitenote_note":"","_monsterinsights_sitenote_category":0,"footnotes":""},"class_list":["post-810","page","type-page","status-publish","hentry"],"blocksy_meta":[],"aioseo_notices":[],"_links":{"self":[{"href":"https:\/\/pes-agilis.com\/en\/wp-json\/wp\/v2\/pages\/810","targetHints":{"allow":["GET"]}}],"collection":[{"href":"https:\/\/pes-agilis.com\/en\/wp-json\/wp\/v2\/pages"}],"about":[{"href":"https:\/\/pes-agilis.com\/en\/wp-json\/wp\/v2\/types\/page"}],"author":[{"embeddable":true,"href":"https:\/\/pes-agilis.com\/en\/wp-json\/wp\/v2\/users\/1"}],"replies":[{"embeddable":true,"href":"https:\/\/pes-agilis.com\/en\/wp-json\/wp\/v2\/comments?post=810"}],"version-history":[{"count":22,"href":"https:\/\/pes-agilis.com\/en\/wp-json\/wp\/v2\/pages\/810\/revisions"}],"predecessor-version":[{"id":1128,"href":"https:\/\/pes-agilis.com\/en\/wp-json\/wp\/v2\/pages\/810\/revisions\/1128"}],"wp:attachment":[{"href":"https:\/\/pes-agilis.com\/en\/wp-json\/wp\/v2\/media?parent=810"}],"curies":[{"name":"wp","href":"https:\/\/api.w.org\/{rel}","templated":true}]}}