{"id":25,"date":"2024-11-27T21:31:31","date_gmt":"2024-11-27T20:31:31","guid":{"rendered":"https:\/\/pes-agilis.com\/?page_id=25"},"modified":"2026-01-11T12:51:12","modified_gmt":"2026-01-11T11:51:12","slug":"about-us","status":"publish","type":"page","link":"https:\/\/pes-agilis.com\/en\/about-us\/","title":{"rendered":"About us"},"content":{"rendered":"<div data-elementor-type=\"wp-page\" data-elementor-id=\"25\" class=\"elementor elementor-25\">\n\t\t\t\t<div class=\"elementor-element elementor-element-c30db8a e-flex e-con-boxed e-con e-parent\" data-id=\"c30db8a\" data-element_type=\"container\">\n\t\t\t\t\t<div class=\"e-con-inner\">\n\t\t\t\t<div class=\"elementor-element elementor-element-c58db49 elementor-widget__width-inherit elementor-widget elementor-widget-heading\" data-id=\"c58db49\" data-element_type=\"widget\" data-widget_type=\"heading.default\">\n\t\t\t\t<div class=\"elementor-widget-container\">\n\t\t\t\t\t<h3 class=\"elementor-heading-title elementor-size-default\">ABOUT US<\/h3>\t\t\t\t<\/div>\n\t\t\t\t<\/div>\n\t\t\t\t<div class=\"elementor-element elementor-element-6e1dd60 elementor-widget elementor-widget-text-editor\" data-id=\"6e1dd60\" data-element_type=\"widget\" data-widget_type=\"text-editor.default\">\n\t\t\t\t<div class=\"elementor-widget-container\">\n\t\t\t\t\t\t\t\t\t<p data-start=\"85\" data-end=\"170\"><strong>Pes Agilis<\/strong> Pes Agilis offers the most advanced and proven products for improving foot function.<\/p><p data-start=\"172\" data-end=\"351\">We cover every aspect of movement and care \u2014 from post-operative orthoses and orthopaedic footwear to various types of insoles and splints that ensure proper foot load distribution and support.<\/p><p data-start=\"353\" data-end=\"461\">Every foot requires an individual approach, tailored to the anatomy and the specific needs of each user.<\/p><p data-start=\"463\" data-end=\"618\">We collaborate with specialised companies focused on orthotics and lower-limb prosthetics, as well as the production of all types of walking aids.<\/p><p data-start=\"620\" data-end=\"678\">If you have any questions, please feel free to contact us.<\/p>\t\t\t\t\t\t\t\t<\/div>\n\t\t\t\t<\/div>\n\t\t\t\t\t<\/div>\n\t\t\t\t<\/div>\n\t\t\t\t<\/div>","protected":false},"excerpt":{"rendered":"<p>O NAMA Pes Agilis nudi najnaprednije i provjerene proizvode za pobolj\u0161anje funkcije stopala. Pokrivamo sve aspekte kretanja i njege \u2014 od postoperativnih ortoza i ortopedske obu\u0107e do razli\u010ditih vrsta ulo\u017eaka i udlaga koje osiguravaju pravilno optere\u0107enje i potporu stopalu. Svako stopalo zahtijeva individualan pristup, prilago\u0111en anatomiji i specifi\u010dnim potrebama svakog korisnika. Sura\u0111ujemo sa specijaliziranim tvrtkama [&hellip;]<\/p>\n","protected":false},"author":1,"featured_media":0,"parent":0,"menu_order":0,"comment_status":"closed","ping_status":"closed","template":"elementor_header_footer","meta":{"om_disable_all_campaigns":false,"_monsterinsights_skip_tracking":false,"_monsterinsights_sitenote_active":false,"_monsterinsights_sitenote_note":"","_monsterinsights_sitenote_category":0,"footnotes":""},"class_list":["post-25","page","type-page","status-publish","hentry"],"blocksy_meta":[],"aioseo_notices":[],"_links":{"self":[{"href":"https:\/\/pes-agilis.com\/en\/wp-json\/wp\/v2\/pages\/25","targetHints":{"allow":["GET"]}}],"collection":[{"href":"https:\/\/pes-agilis.com\/en\/wp-json\/wp\/v2\/pages"}],"about":[{"href":"https:\/\/pes-agilis.com\/en\/wp-json\/wp\/v2\/types\/page"}],"author":[{"embeddable":true,"href":"https:\/\/pes-agilis.com\/en\/wp-json\/wp\/v2\/users\/1"}],"replies":[{"embeddable":true,"href":"https:\/\/pes-agilis.com\/en\/wp-json\/wp\/v2\/comments?post=25"}],"version-history":[{"count":17,"href":"https:\/\/pes-agilis.com\/en\/wp-json\/wp\/v2\/pages\/25\/revisions"}],"predecessor-version":[{"id":1105,"href":"https:\/\/pes-agilis.com\/en\/wp-json\/wp\/v2\/pages\/25\/revisions\/1105"}],"wp:attachment":[{"href":"https:\/\/pes-agilis.com\/en\/wp-json\/wp\/v2\/media?parent=25"}],"curies":[{"name":"wp","href":"https:\/\/api.w.org\/{rel}","templated":true}]}}