{"id":22,"date":"2024-11-27T21:30:36","date_gmt":"2024-11-27T20:30:36","guid":{"rendered":"https:\/\/pes-agilis.com\/?page_id=22"},"modified":"2026-02-27T23:36:10","modified_gmt":"2026-02-27T22:36:10","slug":"home","status":"publish","type":"page","link":"https:\/\/pes-agilis.com\/en\/","title":{"rendered":"Home"},"content":{"rendered":"<div data-elementor-type=\"wp-page\" data-elementor-id=\"22\" class=\"elementor elementor-22\">\n\t\t\t\t<div class=\"elementor-element elementor-element-9c75535 e-con-full e-flex e-con e-parent\" data-id=\"9c75535\" data-element_type=\"container\" data-settings=\"{&quot;background_background&quot;:&quot;classic&quot;}\">\n\t\t<div class=\"elementor-element elementor-element-8a02012 e-con-full e-flex e-con e-child\" data-id=\"8a02012\" data-element_type=\"container\" data-settings=\"{&quot;background_background&quot;:&quot;classic&quot;}\">\n\t\t<div class=\"elementor-element elementor-element-9ec64bf e-con-full e-flex e-con e-child\" data-id=\"9ec64bf\" data-element_type=\"container\">\n\t\t\t\t<div class=\"elementor-element elementor-element-35d0189 elementor-widget elementor-widget-heading\" data-id=\"35d0189\" data-element_type=\"widget\" data-widget_type=\"heading.default\">\n\t\t\t\t<div class=\"elementor-widget-container\">\n\t\t\t\t\t<h1 class=\"elementor-heading-title elementor-size-default\">YOUR PARTNER FOR FOOT HEALTH<\/h1>\t\t\t\t<\/div>\n\t\t\t\t<\/div>\n\t\t\t\t<div class=\"elementor-element elementor-element-6aef6d2 elementor-widget elementor-widget-heading\" data-id=\"6aef6d2\" data-element_type=\"widget\" data-widget_type=\"heading.default\">\n\t\t\t\t<div class=\"elementor-widget-container\">\n\t\t\t\t\t<div class=\"elementor-heading-title elementor-size-default\">PES AGILIS \u2013 Our products are based on the latest technologies and expert recommendations; improve your quality of life with solutions tailored to your individual needs.<\/div>\t\t\t\t<\/div>\n\t\t\t\t<\/div>\n\t\t\t\t<div class=\"elementor-element elementor-element-a06f436 elementor-widget elementor-widget-button\" data-id=\"a06f436\" data-element_type=\"widget\" data-widget_type=\"button.default\">\n\t\t\t\t<div class=\"elementor-widget-container\">\n\t\t\t\t\t\t\t\t\t<div class=\"elementor-button-wrapper\">\n\t\t\t\t\t<a class=\"elementor-button elementor-button-link elementor-size-sm\" href=\"\/en\/shop\/\">\n\t\t\t\t\t\t<span class=\"elementor-button-content-wrapper\">\n\t\t\t\t\t\t\t\t\t<span class=\"elementor-button-text\">SHOP<\/span>\n\t\t\t\t\t<\/span>\n\t\t\t\t\t<\/a>\n\t\t\t\t<\/div>\n\t\t\t\t\t\t\t\t<\/div>\n\t\t\t\t<\/div>\n\t\t\t\t<\/div>\n\t\t\t\t<\/div>\n\t\t<div class=\"elementor-element elementor-element-51f620d e-con-full e-flex e-con e-child\" data-id=\"51f620d\" data-element_type=\"container\" data-settings=\"{&quot;background_background&quot;:&quot;classic&quot;}\">\n\t\t\t\t<\/div>\n\t\t<div class=\"elementor-element elementor-element-feb44c7 e-con-full e-grid e-con e-child\" data-id=\"feb44c7\" data-element_type=\"container\" data-settings=\"{&quot;background_background&quot;:&quot;classic&quot;}\">\n\t\t<div class=\"elementor-element elementor-element-4bed34a e-con-full e-flex e-con e-child\" data-id=\"4bed34a\" data-element_type=\"container\" data-settings=\"{&quot;background_background&quot;:&quot;classic&quot;}\">\n\t\t<div data-premium-element-link=\"{&quot;type&quot;:&quot;url&quot;,&quot;link&quot;:{&quot;url&quot;:&quot;https:\\\/\\\/pes-agilis.com\\\/postoperativna-skrb&quot;,&quot;is_external&quot;:&quot;&quot;,&quot;nofollow&quot;:&quot;&quot;,&quot;custom_attributes&quot;:&quot;&quot;},&quot;href&quot;:&quot;https:\\\/\\\/pes-agilis.com\\\/postoperativna-skrb&quot;}\" style=\"cursor: pointer\" class=\"elementor-element elementor-element-ece731b e-con-full premium-wrapper-link-yes e-flex e-con e-child\" data-id=\"ece731b\" data-element_type=\"container\" id=\"postop-card\" data-settings=\"{&quot;background_background&quot;:&quot;classic&quot;}\">\n\t\t\t\t<div class=\"elementor-element elementor-element-5f7d284 elementor-widget__width-inherit elementor-widget elementor-widget-heading\" data-id=\"5f7d284\" data-element_type=\"widget\" data-widget_type=\"heading.default\">\n\t\t\t\t<div class=\"elementor-widget-container\">\n\t\t\t\t\t<h2 class=\"elementor-heading-title elementor-size-default\"><a href=\"\/en\/postoperativna-skrb\/\">POST-OPERATIVE CARE<\/a><\/h2>\t\t\t\t<\/div>\n\t\t\t\t<\/div>\n\t\t\t\t<\/div>\n\t\t\t\t<\/div>\n\t\t<div class=\"elementor-element elementor-element-2b1fd13 e-con-full e-flex e-con e-child\" data-id=\"2b1fd13\" data-element_type=\"container\" data-settings=\"{&quot;background_background&quot;:&quot;classic&quot;}\">\n\t\t<div data-premium-element-link=\"{&quot;type&quot;:&quot;url&quot;,&quot;link&quot;:{&quot;url&quot;:&quot;https:\\\/\\\/pes-agilis.com\\\/night-orthoses\\\/&quot;,&quot;is_external&quot;:&quot;&quot;,&quot;nofollow&quot;:&quot;&quot;,&quot;custom_attributes&quot;:&quot;&quot;},&quot;href&quot;:&quot;https:\\\/\\\/pes-agilis.com\\\/night-orthoses\\\/&quot;}\" style=\"cursor: pointer\" class=\"elementor-element elementor-element-a5a7cfa e-con-full premium-wrapper-link-yes e-flex e-con e-child\" data-id=\"a5a7cfa\" data-element_type=\"container\" id=\"postop-card\" data-settings=\"{&quot;background_background&quot;:&quot;classic&quot;}\">\n\t\t\t\t<div class=\"elementor-element elementor-element-404aa39 elementor-widget__width-inherit elementor-widget elementor-widget-heading\" data-id=\"404aa39\" data-element_type=\"widget\" data-widget_type=\"heading.default\">\n\t\t\t\t<div class=\"elementor-widget-container\">\n\t\t\t\t\t<h2 class=\"elementor-heading-title elementor-size-default\"><a href=\"https:\/\/pes-agilis.com\/en\/night-orthoses\/\">NIGHT ORTHOSES<\/a><\/h2>\t\t\t\t<\/div>\n\t\t\t\t<\/div>\n\t\t\t\t<\/div>\n\t\t\t\t<\/div>\n\t\t<div class=\"elementor-element elementor-element-4f88120 e-con-full e-flex e-con e-child\" data-id=\"4f88120\" data-element_type=\"container\" data-settings=\"{&quot;background_background&quot;:&quot;classic&quot;}\">\n\t\t<div class=\"elementor-element elementor-element-300a3dc e-con-full premium-wrapper-link-yes e-flex e-con e-child\" data-id=\"300a3dc\" data-element_type=\"container\" id=\"postop-card\" data-settings=\"{&quot;background_background&quot;:&quot;classic&quot;}\">\n\t\t\t\t<div class=\"elementor-element elementor-element-93f883d elementor-widget__width-inherit elementor-widget elementor-widget-heading\" data-id=\"93f883d\" data-element_type=\"widget\" data-widget_type=\"heading.default\">\n\t\t\t\t<div class=\"elementor-widget-container\">\n\t\t\t\t\t<h2 class=\"elementor-heading-title elementor-size-default\">CUSTOM-MADE ORTHOPAEDIC FOOTWEAR<\/h2>\t\t\t\t<\/div>\n\t\t\t\t<\/div>\n\t\t\t\t<\/div>\n\t\t\t\t<\/div>\n\t\t<div class=\"elementor-element elementor-element-57280f4 e-con-full e-flex e-con e-child\" data-id=\"57280f4\" data-element_type=\"container\" data-settings=\"{&quot;background_background&quot;:&quot;classic&quot;}\">\n\t\t<div data-premium-element-link=\"{&quot;type&quot;:&quot;url&quot;,&quot;link&quot;:{&quot;url&quot;:&quot;https:\\\/\\\/pes-agilis.com\\\/home\\\/ulosci-gotovi\\\/&quot;,&quot;is_external&quot;:&quot;&quot;,&quot;nofollow&quot;:&quot;&quot;,&quot;custom_attributes&quot;:&quot;&quot;},&quot;href&quot;:&quot;https:\\\/\\\/pes-agilis.com\\\/home\\\/ulosci-gotovi\\\/&quot;}\" style=\"cursor: pointer\" class=\"elementor-element elementor-element-7930969 e-con-full premium-wrapper-link-yes e-flex e-con e-child\" data-id=\"7930969\" data-element_type=\"container\" id=\"postop-card\" data-settings=\"{&quot;background_background&quot;:&quot;classic&quot;}\">\n\t\t\t\t<div class=\"elementor-element elementor-element-41a49ad elementor-widget__width-inherit elementor-widget elementor-widget-heading\" data-id=\"41a49ad\" data-element_type=\"widget\" data-widget_type=\"heading.default\">\n\t\t\t\t<div class=\"elementor-widget-container\">\n\t\t\t\t\t<h2 class=\"elementor-heading-title elementor-size-default\"><a href=\"https:\/\/pes-agilis.com\/en\/home\/ulosci-gotovi\/\">PRE-MADE INSOLES<\/a><\/h2>\t\t\t\t<\/div>\n\t\t\t\t<\/div>\n\t\t\t\t<\/div>\n\t\t\t\t<\/div>\n\t\t<div class=\"elementor-element elementor-element-17dc153 e-con-full e-flex e-con e-child\" data-id=\"17dc153\" data-element_type=\"container\" data-settings=\"{&quot;background_background&quot;:&quot;classic&quot;}\">\n\t\t<div data-premium-element-link=\"{&quot;type&quot;:&quot;url&quot;,&quot;link&quot;:{&quot;url&quot;:&quot;https:\\\/\\\/pes-agilis.com\\\/ortopedska-obuca\\\/&quot;,&quot;is_external&quot;:&quot;&quot;,&quot;nofollow&quot;:&quot;&quot;,&quot;custom_attributes&quot;:&quot;&quot;},&quot;href&quot;:&quot;https:\\\/\\\/pes-agilis.com\\\/ortopedska-obuca\\\/&quot;}\" style=\"cursor: pointer\" class=\"elementor-element elementor-element-9bb8e03 e-con-full premium-wrapper-link-yes e-flex e-con e-child\" data-id=\"9bb8e03\" data-element_type=\"container\" data-settings=\"{&quot;background_background&quot;:&quot;classic&quot;}\">\n\t\t\t\t<div class=\"elementor-element elementor-element-2ee88ce elementor-widget__width-inherit elementor-widget elementor-widget-heading\" data-id=\"2ee88ce\" data-element_type=\"widget\" data-widget_type=\"heading.default\">\n\t\t\t\t<div class=\"elementor-widget-container\">\n\t\t\t\t\t<h2 class=\"elementor-heading-title elementor-size-default\"><a href=\"https:\/\/pes-agilis.com\/en\/ortopedska-obuca\/\">ORTHOPAEDIC FOOTWEAR<\/a><\/h2>\t\t\t\t<\/div>\n\t\t\t\t<\/div>\n\t\t\t\t<\/div>\n\t\t\t\t<\/div>\n\t\t<div class=\"elementor-element elementor-element-fb0d15c e-con-full e-flex e-con e-child\" data-id=\"fb0d15c\" data-element_type=\"container\" data-settings=\"{&quot;background_background&quot;:&quot;classic&quot;}\">\n\t\t<div class=\"elementor-element elementor-element-0aa7675 e-con-full premium-wrapper-link-yes e-flex e-con e-child\" data-id=\"0aa7675\" data-element_type=\"container\" id=\"postop-card\" data-settings=\"{&quot;background_background&quot;:&quot;classic&quot;}\">\n\t\t\t\t<div class=\"elementor-element elementor-element-e862563 elementor-widget__width-inherit elementor-widget elementor-widget-heading\" data-id=\"e862563\" data-element_type=\"widget\" data-widget_type=\"heading.default\">\n\t\t\t\t<div class=\"elementor-widget-container\">\n\t\t\t\t\t<h2 class=\"elementor-heading-title elementor-size-default\">LIPUS ULTRASOUND<\/h2>\t\t\t\t<\/div>\n\t\t\t\t<\/div>\n\t\t\t\t<\/div>\n\t\t\t\t<\/div>\n\t\t<div class=\"elementor-element elementor-element-b1b8bb1 e-con-full e-flex e-con e-child\" data-id=\"b1b8bb1\" data-element_type=\"container\" data-settings=\"{&quot;background_background&quot;:&quot;classic&quot;}\">\n\t\t<div data-premium-element-link=\"{&quot;type&quot;:&quot;url&quot;,&quot;link&quot;:{&quot;url&quot;:&quot;https:\\\/\\\/pes-agilis.com\\\/home\\\/individualni-gotovi-ulosci\\\/&quot;,&quot;is_external&quot;:&quot;&quot;,&quot;nofollow&quot;:&quot;&quot;,&quot;custom_attributes&quot;:&quot;&quot;},&quot;href&quot;:&quot;https:\\\/\\\/pes-agilis.com\\\/home\\\/individualni-gotovi-ulosci\\\/&quot;}\" style=\"cursor: pointer\" class=\"elementor-element elementor-element-66db6d5 e-con-full premium-wrapper-link-yes e-flex e-con e-child\" data-id=\"66db6d5\" data-element_type=\"container\" id=\"postop-card\" data-settings=\"{&quot;background_background&quot;:&quot;classic&quot;}\">\n\t\t\t\t<div class=\"elementor-element elementor-element-5f489f1 elementor-widget__width-inherit elementor-widget elementor-widget-heading\" data-id=\"5f489f1\" data-element_type=\"widget\" data-widget_type=\"heading.default\">\n\t\t\t\t<div class=\"elementor-widget-container\">\n\t\t\t\t\t<h2 class=\"elementor-heading-title elementor-size-default\"><a href=\"https:\/\/pes-agilis.com\/en\/home\/individualni-gotovi-ulosci\/\">CUSTOM ORTHOPEDIC INSOLES<\/a><\/h2>\t\t\t\t<\/div>\n\t\t\t\t<\/div>\n\t\t\t\t<\/div>\n\t\t\t\t<\/div>\n\t\t\t\t<\/div>\n\t\t\t\t<\/div>\n\t\t\t\t<\/div>","protected":false},"excerpt":{"rendered":"<p>VA\u0160 PARTNER ZA ZDRAVLJE STOPALA PES AGILIS \u2013 Na\u0161i proizvodi temelje se na najnovijim tehnologijama i stru\u010dnim preporukama; pobolj\u0161ajte kvalitetu \u017eivota rje\u0161enjima prilago\u0111enima va\u0161im individualnim potrebama. TRGOVINA POSTOPERATIVNA SKRB NO\u0106NE ORTOZE ORTOPEDSKA OBU\u0106A PO MJERI GOTOVI ULO\u0160CI ORTOPEDSKA OBU\u0106A LIPUS ULTRAZVUK INDIVIDUALNI ORTOPEDSKI ULO\u0160CI<\/p>","protected":false},"author":1,"featured_media":0,"parent":0,"menu_order":0,"comment_status":"closed","ping_status":"closed","template":"elementor_header_footer","meta":{"om_disable_all_campaigns":false,"_monsterinsights_skip_tracking":false,"_monsterinsights_sitenote_active":false,"_monsterinsights_sitenote_note":"","_monsterinsights_sitenote_category":0,"footnotes":""},"class_list":["post-22","page","type-page","status-publish","hentry"],"blocksy_meta":[],"aioseo_notices":[],"_links":{"self":[{"href":"https:\/\/pes-agilis.com\/en\/wp-json\/wp\/v2\/pages\/22","targetHints":{"allow":["GET"]}}],"collection":[{"href":"https:\/\/pes-agilis.com\/en\/wp-json\/wp\/v2\/pages"}],"about":[{"href":"https:\/\/pes-agilis.com\/en\/wp-json\/wp\/v2\/types\/page"}],"author":[{"embeddable":true,"href":"https:\/\/pes-agilis.com\/en\/wp-json\/wp\/v2\/users\/1"}],"replies":[{"embeddable":true,"href":"https:\/\/pes-agilis.com\/en\/wp-json\/wp\/v2\/comments?post=22"}],"version-history":[{"count":388,"href":"https:\/\/pes-agilis.com\/en\/wp-json\/wp\/v2\/pages\/22\/revisions"}],"predecessor-version":[{"id":1460,"href":"https:\/\/pes-agilis.com\/en\/wp-json\/wp\/v2\/pages\/22\/revisions\/1460"}],"wp:attachment":[{"href":"https:\/\/pes-agilis.com\/en\/wp-json\/wp\/v2\/media?parent=22"}],"curies":[{"name":"wp","href":"https:\/\/api.w.org\/{rel}","templated":true}]}}